{"id":24,"date":"2024-10-10T12:27:01","date_gmt":"2024-10-10T12:27:01","guid":{"rendered":"http:\/\/manalnutritionist.com\/home-2\/"},"modified":"2025-01-04T00:40:51","modified_gmt":"2025-01-04T00:40:51","slug":"home-2","status":"publish","type":"page","link":"https:\/\/manalnutritionist.com\/nl\/","title":{"rendered":"Home"},"content":{"rendered":"<div style=\"height:100px\" aria-hidden=\"true\" class=\"wp-block-spacer\"><\/div>\n\n\n\n<div class=\"wp-block-uagb-container uagb-block-d73cc7fb alignfull uagb-is-root-container\"><div class=\"uagb-container-inner-blocks-wrap\">\n<div class=\"wp-block-uagb-container uagb-block-557b3a1d\">\n<div class=\"wp-block-uagb-advanced-heading uagb-block-c70635f9\"><h2 class=\"uagb-heading-text\">Transformeer je leven samen met jouw persoonlijke gewichtsconsulente!<\/h2><p class=\"uagb-desc-text\"><br>Aankomen en het gewicht behouden kan een uitdaging zijn, maar met de juiste begeleiding kun jij dat bereiken!\nIk ben gespecialiseerd in het opstellen van persoonlijke voedingsplannen die je niet alleen helpen om jouw gezonde gewicht te bereiken, maar je ook begeleiden bij het opbouwen van duurzame gewoonten voor de toekomst.\nMet persoonlijke ondersteuning, praktische adviezen en een focus op echte resultaten help ik je om je sterk, zelfverzekerd en in controle te voelen over jouw gezondheidsreis.<br><\/p><\/div>\n\n\n\n<div class=\"wp-block-uagb-buttons uagb-buttons__outer-wrap uagb-btn__default-btn uagb-btn-tablet__default-btn uagb-btn-mobile__default-btn uagb-block-f1c68729\"><div class=\"uagb-buttons__wrap uagb-buttons-layout-wrap\">\n<div class=\"wp-block-uagb-buttons-child uagb-buttons__outer-wrap uagb-block-7131841e wp-block-button\"><div class=\"uagb-button__wrapper\"><a class=\"uagb-buttons-repeater wp-block-button__link\" aria-label=\"\" href=\"\/\/manalnutritionist.com\/nl\/offerings-2\/\" rel=\"follow noopener\" target=\"_self\" role=\"button\"><div class=\"uagb-button__link\">Start Nu<\/div><\/a><\/div><\/div>\n<\/div><\/div>\n<\/div>\n\n\n\n<div class=\"wp-block-uagb-container uagb-block-a28cde6c\">\n<div data-aos= \"fade\" data-aos-duration=\"400\" data-aos-delay=\"0\" data-aos-easing=\"ease\" data-aos-once=\"true\" class=\"wp-block-uagb-image alignright uagb-block-319ddae3 wp-block-uagb-image--layout-default wp-block-uagb-image--effect-static wp-block-uagb-image--align-right\"><figure class=\"wp-block-uagb-image__figure\"><img loading=\"lazy\" decoding=\"async\" srcset=\"https:\/\/manalnutritionist.com\/wp-content\/uploads\/2024\/12\/Manal_bewerkt-30-791x1024.jpg ,https:\/\/manalnutritionist.com\/wp-content\/uploads\/2024\/12\/Manal_bewerkt-30-scaled.jpg 780w, https:\/\/manalnutritionist.com\/wp-content\/uploads\/2024\/12\/Manal_bewerkt-30-scaled.jpg 360w\" sizes=\"auto, (max-width: 480px) 150px\" src=\"https:\/\/manalnutritionist.com\/wp-content\/uploads\/2024\/12\/Manal_bewerkt-30-791x1024.jpg\" alt=\"\" class=\"uag-image-1388\" width=\"438\" height=\"504\" title=\"\" role=\"presentation\"\/><\/figure><\/div>\n<\/div>\n<\/div><\/div>\n\n\n\n<div class=\"wp-block-uagb-container uagb-block-plunzs4k alignfull uagb-is-root-container\"><div class=\"uagb-container-inner-blocks-wrap\">\n<div class=\"wp-block-uagb-info-box uagb-block-sc4zyrow uagb-infobox__content-wrap  uagb-infobox-icon-above-title uagb-infobox-image-valign-top\"><div class=\"uagb-ifb-content\"><div class=\"uagb-ifb-title-wrap\"><h1 class=\"uagb-ifb-title\"><strong>\"It\u2019s not about eating more\u2014it\u2019s about eating smarter.\"<\/strong><\/h1><\/div><p class=\"uagb-ifb-desc\">Aankomen betekent niet dat je jezelf moet dwingen om eindeloos te eten of te vertrouwen op ongezonde voeding. Het gaat erom dat je leert begrijpen wat jouw lichaam nodig heeft en het voedt met de juiste voedingsmiddelen in de juiste verhoudingen. <br>Ik help je om een plan te maken dat is afgestemd op jouw persoonlijke behoeften en voorkeuren, zodat jouw reis zowel effectief als plezierig wordt.<\/p><\/div><\/div>\n<\/div><\/div>\n\n\n\n<div style=\"height:85px\" aria-hidden=\"true\" class=\"wp-block-spacer\"><\/div>\n\n\n\n<div class=\"wp-block-uagb-container uagb-block-9aaa08aa alignfull uagb-is-root-container\"><div class=\"uagb-container-inner-blocks-wrap\">\n<div class=\"wp-block-uagb-advanced-heading uagb-block-0b407a5e\"><h2 class=\"uagb-heading-text\">Zo ziet jouw journey eruit<\/h2><\/div>\n\n\n\n<div class=\"wp-block-uagb-container uagb-block-6309b54c\">\n<div class=\"wp-block-uagb-container uagb-block-310b22a6\">\n<div class=\"wp-block-uagb-advanced-heading uagb-block-4be590d1\"><h2 class=\"uagb-heading-text\">01<\/h2><\/div>\n<\/div>\n\n\n\n<div class=\"wp-block-uagb-container uagb-block-f87f53cf\">\n<div class=\"wp-block-uagb-advanced-heading uagb-block-bdd50b67\"><h3 class=\"uagb-heading-text\">Ontmoet je gewichtsconsulente<\/h3><\/div>\n<\/div>\n\n\n\n<div class=\"wp-block-uagb-container uagb-block-b95e016d\">\n<div class=\"wp-block-uagb-advanced-heading uagb-block-fe701277\"><p class=\"uagb-desc-text\">Onze reis begint met een persoonlijk kennismakingsgesprek. In dit gesprek leer ik jouw doelen kennen en krijg jij inzicht in mijn aanpak om een gezondere en meer gebalanceerde leefstijl op te bouwen. Deze sessie vormt de basis voor een persoonlijk plan dat is ontworpen om jou te helpen succesvol te zijn.<\/p><\/div>\n<\/div>\n<\/div>\n\n\n\n<div class=\"wp-block-uagb-container uagb-block-51d22b4d\">\n<div class=\"wp-block-uagb-container uagb-block-3ffb02d5\">\n<div class=\"wp-block-uagb-advanced-heading uagb-block-29edbc4b\"><h2 class=\"uagb-heading-text\">02<\/h2><\/div>\n<\/div>\n\n\n\n<div class=\"wp-block-uagb-container uagb-block-42cc41ce\">\n<div class=\"wp-block-uagb-advanced-heading uagb-block-8010476e\"><h3 class=\"uagb-heading-text\">Uitgebreide intake<\/h3><\/div>\n<\/div>\n\n\n\n<div class=\"wp-block-uagb-container uagb-block-c8ce6ddf\">\n<div class=\"wp-block-uagb-advanced-heading uagb-block-e27f0f3f\"><p class=\"uagb-desc-text\">Tijdens het offici\u00eble intakegesprek gaan we dieper in op je medische achtergrond, huidige leefstijl en eetgewoonten. Samen stellen we je startgewicht vast en brengen we je voedingsbehoeften in kaart. Je ontvangt direct praktische tips om je vooruitgang richting een gezondere en meer gebalanceerde leefstijl op gang te brengen.<\/p><\/div>\n<\/div>\n<\/div>\n\n\n\n<div class=\"wp-block-uagb-container uagb-block-c38c96ea\">\n<div class=\"wp-block-uagb-container uagb-block-8560951c\">\n<div class=\"wp-block-uagb-advanced-heading uagb-block-f880eb3c\"><h2 class=\"uagb-heading-text\">03<\/h2><\/div>\n<\/div>\n\n\n\n<div class=\"wp-block-uagb-container uagb-block-60971819\">\n<div class=\"wp-block-uagb-advanced-heading uagb-block-db476a26\"><h3 class=\"uagb-heading-text\">Jouw plan op maat<\/h3><\/div>\n<\/div>\n\n\n\n<div class=\"wp-block-uagb-container uagb-block-1b4ddc35\">\n<div class=\"wp-block-uagb-advanced-heading uagb-block-7e7440fd\"><p class=\"uagb-desc-text\">Op basis van het intakegesprek maak ik een maaltijdplan dat specifiek is afgestemd op de behoeften van jouw lichaam, je persoonlijke voorkeuren en doelen. Ik geef begeleiding bij portiegroottes, maaltijdtijdstippen en voedselkeuzes, zodat je de juiste tools en ondersteuning hebt om blijvende resultaten te behalen.<\/p><\/div>\n<\/div>\n<\/div>\n\n\n\n<div class=\"wp-block-uagb-container uagb-block-72de85ef\">\n<div class=\"wp-block-uagb-container uagb-block-91db2dad\">\n<div class=\"wp-block-uagb-advanced-heading uagb-block-10248e40\"><h2 class=\"uagb-heading-text\">04<\/h2><\/div>\n<\/div>\n\n\n\n<div class=\"wp-block-uagb-container uagb-block-648f06ce\">\n<div class=\"wp-block-uagb-advanced-heading uagb-block-6f0f4bce\"><h3 class=\"uagb-heading-text\">Volledige app-ondersteuning<\/h3><\/div>\n<\/div>\n\n\n\n<p>Je krijgt toegang tot mijn app, waar je alles binnen handbereik hebt: maaltijdplannen, calorie\u00ebn bijhouden, voortgang volgen en direct berichten sturen voor begeleiding of ondersteuning. Alles op \u00e9\u00e9n plek, in het comfort van je eigen huis, om je gemotiveerd, georganiseerd en op koers te houden richting jouw doelen.<\/p>\n<\/div>\n\n\n\n<div class=\"wp-block-uagb-container uagb-block-a9e81cc2\">\n<div class=\"wp-block-uagb-container uagb-block-bad98672\">\n<div class=\"wp-block-uagb-advanced-heading uagb-block-aeec53ee\"><h2 class=\"uagb-heading-text\">05<\/h2><\/div>\n<\/div>\n\n\n\n<div class=\"wp-block-uagb-container uagb-block-d327e4af\">\n<div class=\"wp-block-uagb-advanced-heading uagb-block-5ef5874c\"><h3 class=\"uagb-heading-text\">Regelmatige check-ins en aanpassingen<\/h3><\/div>\n<\/div>\n\n\n\n<p>Elke week of om de twee weken, afhankelijk van het lidmaatschap dat je kiest, houden we een check-in om je voortgang te bekijken. Je weegt jezelf en meet je lichaam, en samen bespreken we eventuele aanpassingen om ervoor te zorgen dat je op een gezonde manier je doelen bereikt. Deze check-ins helpen je gemotiveerd en in controle te blijven!<\/p>\n<\/div>\n\n\n\n<div class=\"wp-block-uagb-container uagb-block-6856efca\">\n<div class=\"wp-block-uagb-container uagb-block-29764e2c\">\n<div class=\"wp-block-uagb-advanced-heading uagb-block-8d2bee69\"><h2 class=\"uagb-heading-text\">06<\/h2><\/div>\n<\/div>\n\n\n\n<div class=\"wp-block-uagb-container uagb-block-eaa4ecbd\">\n<div class=\"wp-block-uagb-advanced-heading uagb-block-da8fd2a3\"><h3 class=\"uagb-heading-text\">Vier je vooruitgang<\/h3><\/div>\n<\/div>\n\n\n\n<p>Naarmate je vooruitgang boekt, zul je de positieve impact op je gezondheid voelen en veranderingen in je leefstijl ervaren, zowel lichamelijk als mentaal. Je zult jezelf dankbaar zijn dat je in jezelf en je welzijn hebt ge\u00efnvesteerd. Ik sta aan je zijde bij elke stap, tot je jouw gewicht- en gezondheidsdoelen hebt bereikt en samen vieren we jouw successen.<\/p>\n<\/div>\n\n\n\n<div class=\"wp-block-uagb-call-to-action uagb-block-a66a505d wp-block-button\"><div class=\"uagb-cta__wrap\"><h3 class=\"uagb-cta__title\">Klaar om jouw journey te beginnen?<\/h3><p class=\"uagb-cta__desc\">Ontdek in een persoonlijk gesprek hoe we samen jouw doelen kunnen bereiken met een plan dat \u00e9cht bij jou past.<\/p><\/div><div class=\"uagb-cta__buttons\"><a href=\"http:\/\/manalnutritionist.com\/nl\/contact\/\" class=\"uagb-cta__button-link-wrapper wp-block-button__link\" target=\"_self\" rel=\"noopener noreferrer\">Meld je aan!<svg xmlns=\"https:\/\/www.w3.org\/2000\/svg\" viewbox=\"0 0 512 512\"><path d=\"M504.3 273.6l-112.1 104c-6.992 6.484-17.18 8.218-25.94 4.406c-8.758-3.812-14.42-12.45-14.42-21.1L351.9 288H32C14.33 288 .0002 273.7 .0002 255.1S14.33 224 32 224h319.9l0-72c0-9.547 5.66-18.19 14.42-22c8.754-3.809 18.95-2.075 25.94 4.41l112.1 104C514.6 247.9 514.6 264.1 504.3 273.6z\"><\/path><\/svg><\/a><\/div><\/div>\n<\/div><\/div>\n\n\n\n<div style=\"height:100px\" aria-hidden=\"true\" class=\"wp-block-spacer\"><\/div>\n\n\n\n<div class=\"wp-block-uagb-container uagb-block-751c7ab4 alignfull uagb-is-root-container\"><div class=\"uagb-container-inner-blocks-wrap\">\n<div class=\"wp-block-uagb-container uagb-block-be5b292e\">\n<div class=\"wp-block-uagb-image alignleft uagb-block-0013e8ec wp-block-uagb-image--layout-default wp-block-uagb-image--effect-static wp-block-uagb-image--align-left\"><figure class=\"wp-block-uagb-image__figure\"><img loading=\"lazy\" decoding=\"async\" srcset=\"https:\/\/manalnutritionist.com\/wp-content\/uploads\/2024\/11\/Manal_bewerkt-1-scaled-e1732400420693-687x1024.jpg ,https:\/\/manalnutritionist.com\/wp-content\/uploads\/2024\/11\/Manal_bewerkt-1-scaled-e1732400420693.jpg 780w, https:\/\/manalnutritionist.com\/wp-content\/uploads\/2024\/11\/Manal_bewerkt-1-scaled-e1732400420693.jpg 360w\" sizes=\"auto, (max-width: 480px) 150px\" src=\"https:\/\/manalnutritionist.com\/wp-content\/uploads\/2024\/11\/Manal_bewerkt-1-scaled-e1732400420693-687x1024.jpg\" alt=\"\" class=\"uag-image-1321\" width=\"230\" height=\"400\" title=\"Manal_bewerkt-1\" role=\"img\"\/><\/figure><\/div>\n\n\n\n<div class=\"wp-block-uagb-image alignright uagb-block-f643b965 wp-block-uagb-image--layout-default wp-block-uagb-image--effect-static wp-block-uagb-image--align-right\"><figure class=\"wp-block-uagb-image__figure\"><img loading=\"lazy\" decoding=\"async\" srcset=\"https:\/\/manalnutritionist.com\/wp-content\/uploads\/2024\/11\/Manal_bewerkt-4-683x1024.jpg ,https:\/\/manalnutritionist.com\/wp-content\/uploads\/2024\/11\/Manal_bewerkt-4-scaled.jpg 780w, https:\/\/manalnutritionist.com\/wp-content\/uploads\/2024\/11\/Manal_bewerkt-4-scaled.jpg 360w\" sizes=\"auto, (max-width: 480px) 150px\" src=\"https:\/\/manalnutritionist.com\/wp-content\/uploads\/2024\/11\/Manal_bewerkt-4-683x1024.jpg\" alt=\"\" class=\"uag-image-1324\" width=\"230\" height=\"400\" title=\"Manal_bewerkt-4\" role=\"img\"\/><\/figure><\/div>\n<\/div>\n\n\n\n<div class=\"wp-block-uagb-container uagb-block-b1133853\">\n<div class=\"wp-block-uagb-info-box uagb-block-15435061 uagb-infobox__content-wrap  uagb-infobox-icon-above-title uagb-infobox-image-valign-top\"><div class=\"uagb-ifb-content\"><div class=\"uagb-ifb-title-wrap\"><h2 class=\"uagb-ifb-title\"><strong>Ik zal mij even voorstellen<\/strong><\/h2><\/div><p class=\"uagb-ifb-desc\">Ik ben gewichtsconsulente in Nederland en help mensen die moeite hebben met aankomen, op gewicht blijven of afvallen, terwijl ze werken aan een gezondere leefstijl. Mijn specialisatie ligt in gezonde gewichtstoename en sportvoeding, ge\u00efnspireerd door mijn eigen ervaring met jarenlang ondergewicht. Met de kennis die ik tijdens mijn opleiding heb opgedaan, ben ik erin geslaagd 16 kilo aan te komen en zowel mijn gezondheid als mijn relatie met voeding volledig te transformeren.<br><br>Nu is het mijn missie om anderen te begeleiden op hun weg naar een gezond gewicht. Of je nu wilt aankomen of op gewicht wilt blijven en gezonder wilt leven, samen werken we aan duurzame gewoonten en een gebalanceerde manier van eten, zodat je je zelfverzekerd, sterk en in controle voelt over je lichaam en je gezondheid.<br><\/p><div class=\"uagb-ifb-button-wrapper wp-block-button\"><a href=\"\/nl\/about\/\" class=\"uagb-infobox-cta-link wp-block-button__link\" target=\"_self\" rel=\"noopener noreferrer\" onclick=\"return true;\"><span class=\"uagb-inline-editing\">Meer over mij<\/span><\/a><\/div><\/div><\/div>\n<\/div>\n<\/div><\/div>\n\n\n\n<p><\/p>","protected":false},"excerpt":{"rendered":"<p>Transform Your Life with Your Personal Nutritionist! Gaining and maintaining weight can be a challenge, but you&#8217;re capable of achieving it with the right support! I specialize in creating tailored [&hellip;]<\/p>\n","protected":false},"author":1,"featured_media":0,"parent":0,"menu_order":0,"comment_status":"closed","ping_status":"closed","template":"","meta":{"_eb_attr":"","_uag_custom_page_level_css":"","site-sidebar-layout":"default","site-content-layout":"","ast-site-content-layout":"default","site-content-style":"default","site-sidebar-style":"default","ast-global-header-display":"","ast-banner-title-visibility":"disabled","ast-main-header-display":"","ast-hfb-above-header-display":"","ast-hfb-below-header-display":"","ast-hfb-mobile-header-display":"","site-post-title":"","ast-breadcrumbs-content":"","ast-featured-img":"","footer-sml-layout":"","ast-disable-related-posts":"","theme-transparent-header-meta":"enabled","adv-header-id-meta":"","stick-header-meta":"","header-above-stick-meta":"","header-main-stick-meta":"","header-below-stick-meta":"","astra-migrate-meta-layouts":"default","ast-page-background-enabled":"default","ast-page-background-meta":{"desktop":{"background-color":"var(--ast-global-color-4)","background-image":"","background-repeat":"repeat","background-position":"center center","background-size":"auto","background-attachment":"scroll","background-type":"","background-media":"","overlay-type":"","overlay-color":"","overlay-opacity":"","overlay-gradient":""},"tablet":{"background-color":"","background-image":"","background-repeat":"repeat","background-position":"center center","background-size":"auto","background-attachment":"scroll","background-type":"","background-media":"","overlay-type":"","overlay-color":"","overlay-opacity":"","overlay-gradient":""},"mobile":{"background-color":"","background-image":"","background-repeat":"repeat","background-position":"center center","background-size":"auto","background-attachment":"scroll","background-type":"","background-media":"","overlay-type":"","overlay-color":"","overlay-opacity":"","overlay-gradient":""}},"ast-content-background-meta":{"desktop":{"background-color":"var(--ast-global-color-5)","background-image":"","background-repeat":"repeat","background-position":"center center","background-size":"auto","background-attachment":"scroll","background-type":"","background-media":"","overlay-type":"","overlay-color":"","overlay-opacity":"","overlay-gradient":""},"tablet":{"background-color":"var(--ast-global-color-5)","background-image":"","background-repeat":"repeat","background-position":"center center","background-size":"auto","background-attachment":"scroll","background-type":"","background-media":"","overlay-type":"","overlay-color":"","overlay-opacity":"","overlay-gradient":""},"mobile":{"background-color":"var(--ast-global-color-5)","background-image":"","background-repeat":"repeat","background-position":"center center","background-size":"auto","background-attachment":"scroll","background-type":"","background-media":"","overlay-type":"","overlay-color":"","overlay-opacity":"","overlay-gradient":""}},"footnotes":""},"class_list":["post-24","page","type-page","status-publish","hentry"],"uagb_featured_image_src":{"full":false,"thumbnail":false,"medium":false,"medium_large":false,"large":false,"twp-icon":false,"1536x1536":false,"2048x2048":false,"trp-custom-language-flag":false},"uagb_author_info":{"display_name":"admin","author_link":"https:\/\/manalnutritionist.com\/nl\/author\/admin\/"},"uagb_comment_info":0,"uagb_excerpt":"Transform Your Life with Your Personal Nutritionist! Gaining and maintaining weight can be a challenge, but you&#8217;re capable of achieving it with the right support! I specialize in creating tailored [&hellip;]","_links":{"self":[{"href":"https:\/\/manalnutritionist.com\/nl\/wp-json\/wp\/v2\/pages\/24","targetHints":{"allow":["GET"]}}],"collection":[{"href":"https:\/\/manalnutritionist.com\/nl\/wp-json\/wp\/v2\/pages"}],"about":[{"href":"https:\/\/manalnutritionist.com\/nl\/wp-json\/wp\/v2\/types\/page"}],"author":[{"embeddable":true,"href":"https:\/\/manalnutritionist.com\/nl\/wp-json\/wp\/v2\/users\/1"}],"replies":[{"embeddable":true,"href":"https:\/\/manalnutritionist.com\/nl\/wp-json\/wp\/v2\/comments?post=24"}],"version-history":[{"count":24,"href":"https:\/\/manalnutritionist.com\/nl\/wp-json\/wp\/v2\/pages\/24\/revisions"}],"predecessor-version":[{"id":1463,"href":"https:\/\/manalnutritionist.com\/nl\/wp-json\/wp\/v2\/pages\/24\/revisions\/1463"}],"wp:attachment":[{"href":"https:\/\/manalnutritionist.com\/nl\/wp-json\/wp\/v2\/media?parent=24"}],"curies":[{"name":"wp","href":"https:\/\/api.w.org\/{rel}","templated":true}]}}